{"id":1315,"date":"2022-09-21T15:15:12","date_gmt":"2022-09-21T13:15:12","guid":{"rendered":"https:\/\/fairford2.gndv.se\/?page_id=1315"},"modified":"2026-04-29T21:10:57","modified_gmt":"2026-04-29T19:10:57","slug":"styrelsemedlemmar","status":"publish","type":"page","link":"https:\/\/fairfordholdings.com\/sv\/styrelsemedlemmar\/","title":{"rendered":"Styrelseledam\u00f6ter"},"content":{"rendered":"<p>I varje situation str\u00e4var vi efter att skapa de r\u00e4tta f\u00f6ruts\u00e4ttningarna f\u00f6r att ett f\u00f6retag ska kunna ta n\u00e4sta steg i sin utveckling. En viktig del av detta \u00e4r v\u00e5rt n\u00e4tverk av r\u00e5dgivare som bidrar med sin erfarenhet och kunskap. Detta sker vanligtvis genom att vi utser styrelseledam\u00f6ter med relevant expertis.<\/p>\n","protected":false},"excerpt":{"rendered":"<p>I varje situation str\u00e4var vi efter att skapa de r\u00e4tta f\u00f6ruts\u00e4ttningarna f\u00f6r att ett f\u00f6retag ska kunna ta n\u00e4sta steg i sin utveckling. En viktig del av detta \u00e4r v\u00e5rt n\u00e4tverk av r\u00e5dgivare som bidrar med sin erfarenhet och kunskap. Detta sker vanligtvis genom att vi utser styrelseledam\u00f6ter med relevant expertis.<\/p>\n","protected":false},"author":2,"featured_media":0,"parent":0,"menu_order":0,"comment_status":"closed","ping_status":"closed","template":"templates\/archive-board.php","meta":{"_acf_changed":false,"footnotes":""},"class_list":["post-1315","page","type-page","status-publish","hentry"],"acf":[],"yoast_head":"<!-- This site is optimized with the Yoast SEO plugin v27.5 - https:\/\/yoast.com\/product\/yoast-seo-wordpress\/ -->\n<title>N\u00e4tverk<\/title>\n<meta name=\"description\" content=\"V\u00e5rt n\u00e4tverk av r\u00e5dgivare som bidrar med sin erfarenhet och kunskap.\" \/>\n<meta name=\"robots\" content=\"index, follow, max-snippet:-1, max-image-preview:large, max-video-preview:-1\" \/>\n<link rel=\"canonical\" href=\"https:\/\/fairfordholdings.com\/sv\/styrelsemedlemmar\/\" \/>\n<meta property=\"og:locale\" content=\"sv_SE\" \/>\n<meta property=\"og:type\" content=\"article\" \/>\n<meta property=\"og:title\" content=\"N\u00e4tverk\" \/>\n<meta property=\"og:description\" content=\"V\u00e5rt n\u00e4tverk av r\u00e5dgivare som bidrar med sin erfarenhet och kunskap.\" \/>\n<meta property=\"og:url\" content=\"https:\/\/fairfordholdings.com\/sv\/styrelsemedlemmar\/\" \/>\n<meta property=\"og:site_name\" content=\"Fairford Holdings\" \/>\n<meta property=\"article:modified_time\" content=\"2026-04-29T19:10:57+00:00\" \/>\n<meta name=\"twitter:card\" content=\"summary_large_image\" \/>\n<meta name=\"twitter:label1\" content=\"Ber\u00e4knad l\u00e4stid\" \/>\n\t<meta name=\"twitter:data1\" content=\"1 minut\" \/>\n<script type=\"application\/ld+json\" class=\"yoast-schema-graph\">{\"@context\":\"https:\\\/\\\/schema.org\",\"@graph\":[{\"@type\":\"WebPage\",\"@id\":\"https:\\\/\\\/fairfordholdings.com\\\/sv\\\/styrelsemedlemmar\\\/\",\"url\":\"https:\\\/\\\/fairfordholdings.com\\\/sv\\\/styrelsemedlemmar\\\/\",\"name\":\"N\u00e4tverk\",\"isPartOf\":{\"@id\":\"https:\\\/\\\/fairfordholdings.com\\\/#website\"},\"datePublished\":\"2022-09-21T13:15:12+00:00\",\"dateModified\":\"2026-04-29T19:10:57+00:00\",\"description\":\"V\u00e5rt n\u00e4tverk av r\u00e5dgivare som bidrar med sin erfarenhet och kunskap.\",\"breadcrumb\":{\"@id\":\"https:\\\/\\\/fairfordholdings.com\\\/sv\\\/styrelsemedlemmar\\\/#breadcrumb\"},\"inLanguage\":\"sv-SE\",\"potentialAction\":[{\"@type\":\"ReadAction\",\"target\":[\"https:\\\/\\\/fairfordholdings.com\\\/sv\\\/styrelsemedlemmar\\\/\"]}]},{\"@type\":\"BreadcrumbList\",\"@id\":\"https:\\\/\\\/fairfordholdings.com\\\/sv\\\/styrelsemedlemmar\\\/#breadcrumb\",\"itemListElement\":[{\"@type\":\"ListItem\",\"position\":1,\"name\":\"Home\",\"item\":\"https:\\\/\\\/fairfordholdings.com\\\/sv\\\/\"},{\"@type\":\"ListItem\",\"position\":2,\"name\":\"Styrelseledam\u00f6ter\"}]},{\"@type\":\"WebSite\",\"@id\":\"https:\\\/\\\/fairfordholdings.com\\\/#website\",\"url\":\"https:\\\/\\\/fairfordholdings.com\\\/\",\"name\":\"Fairford Holdings\",\"description\":\"Creating successful companies by investing in people we believe in\",\"publisher\":{\"@id\":\"https:\\\/\\\/fairfordholdings.com\\\/#organization\"},\"potentialAction\":[{\"@type\":\"SearchAction\",\"target\":{\"@type\":\"EntryPoint\",\"urlTemplate\":\"https:\\\/\\\/fairfordholdings.com\\\/?s={search_term_string}\"},\"query-input\":{\"@type\":\"PropertyValueSpecification\",\"valueRequired\":true,\"valueName\":\"search_term_string\"}}],\"inLanguage\":\"sv-SE\"},{\"@type\":\"Organization\",\"@id\":\"https:\\\/\\\/fairfordholdings.com\\\/#organization\",\"name\":\"Fairford Holdings\",\"url\":\"https:\\\/\\\/fairfordholdings.com\\\/\",\"logo\":{\"@type\":\"ImageObject\",\"inLanguage\":\"sv-SE\",\"@id\":\"https:\\\/\\\/fairfordholdings.com\\\/#\\\/schema\\\/logo\\\/image\\\/\",\"url\":\"https:\\\/\\\/fairfordholdings.com\\\/wp-content\\\/uploads\\\/2020\\\/07\\\/cropped-fairford-logo.png\",\"contentUrl\":\"https:\\\/\\\/fairfordholdings.com\\\/wp-content\\\/uploads\\\/2020\\\/07\\\/cropped-fairford-logo.png\",\"width\":799,\"height\":797,\"caption\":\"Fairford Holdings\"},\"image\":{\"@id\":\"https:\\\/\\\/fairfordholdings.com\\\/#\\\/schema\\\/logo\\\/image\\\/\"}}]}<\/script>\n<!-- \/ Yoast SEO plugin. -->","yoast_head_json":{"title":"N\u00e4tverk","description":"V\u00e5rt n\u00e4tverk av r\u00e5dgivare som bidrar med sin erfarenhet och kunskap.","robots":{"index":"index","follow":"follow","max-snippet":"max-snippet:-1","max-image-preview":"max-image-preview:large","max-video-preview":"max-video-preview:-1"},"canonical":"https:\/\/fairfordholdings.com\/sv\/styrelsemedlemmar\/","og_locale":"sv_SE","og_type":"article","og_title":"N\u00e4tverk","og_description":"V\u00e5rt n\u00e4tverk av r\u00e5dgivare som bidrar med sin erfarenhet och kunskap.","og_url":"https:\/\/fairfordholdings.com\/sv\/styrelsemedlemmar\/","og_site_name":"Fairford Holdings","article_modified_time":"2026-04-29T19:10:57+00:00","twitter_card":"summary_large_image","twitter_misc":{"Ber\u00e4knad l\u00e4stid":"1 minut"},"schema":{"@context":"https:\/\/schema.org","@graph":[{"@type":"WebPage","@id":"https:\/\/fairfordholdings.com\/sv\/styrelsemedlemmar\/","url":"https:\/\/fairfordholdings.com\/sv\/styrelsemedlemmar\/","name":"N\u00e4tverk","isPartOf":{"@id":"https:\/\/fairfordholdings.com\/#website"},"datePublished":"2022-09-21T13:15:12+00:00","dateModified":"2026-04-29T19:10:57+00:00","description":"V\u00e5rt n\u00e4tverk av r\u00e5dgivare som bidrar med sin erfarenhet och kunskap.","breadcrumb":{"@id":"https:\/\/fairfordholdings.com\/sv\/styrelsemedlemmar\/#breadcrumb"},"inLanguage":"sv-SE","potentialAction":[{"@type":"ReadAction","target":["https:\/\/fairfordholdings.com\/sv\/styrelsemedlemmar\/"]}]},{"@type":"BreadcrumbList","@id":"https:\/\/fairfordholdings.com\/sv\/styrelsemedlemmar\/#breadcrumb","itemListElement":[{"@type":"ListItem","position":1,"name":"Home","item":"https:\/\/fairfordholdings.com\/sv\/"},{"@type":"ListItem","position":2,"name":"Styrelseledam\u00f6ter"}]},{"@type":"WebSite","@id":"https:\/\/fairfordholdings.com\/#website","url":"https:\/\/fairfordholdings.com\/","name":"Fairford Holdings","description":"Creating successful companies by investing in people we believe in","publisher":{"@id":"https:\/\/fairfordholdings.com\/#organization"},"potentialAction":[{"@type":"SearchAction","target":{"@type":"EntryPoint","urlTemplate":"https:\/\/fairfordholdings.com\/?s={search_term_string}"},"query-input":{"@type":"PropertyValueSpecification","valueRequired":true,"valueName":"search_term_string"}}],"inLanguage":"sv-SE"},{"@type":"Organization","@id":"https:\/\/fairfordholdings.com\/#organization","name":"Fairford Holdings","url":"https:\/\/fairfordholdings.com\/","logo":{"@type":"ImageObject","inLanguage":"sv-SE","@id":"https:\/\/fairfordholdings.com\/#\/schema\/logo\/image\/","url":"https:\/\/fairfordholdings.com\/wp-content\/uploads\/2020\/07\/cropped-fairford-logo.png","contentUrl":"https:\/\/fairfordholdings.com\/wp-content\/uploads\/2020\/07\/cropped-fairford-logo.png","width":799,"height":797,"caption":"Fairford Holdings"},"image":{"@id":"https:\/\/fairfordholdings.com\/#\/schema\/logo\/image\/"}}]}},"_links":{"self":[{"href":"https:\/\/fairfordholdings.com\/sv\/wp-json\/wp\/v2\/pages\/1315","targetHints":{"allow":["GET"]}}],"collection":[{"href":"https:\/\/fairfordholdings.com\/sv\/wp-json\/wp\/v2\/pages"}],"about":[{"href":"https:\/\/fairfordholdings.com\/sv\/wp-json\/wp\/v2\/types\/page"}],"author":[{"embeddable":true,"href":"https:\/\/fairfordholdings.com\/sv\/wp-json\/wp\/v2\/users\/2"}],"replies":[{"embeddable":true,"href":"https:\/\/fairfordholdings.com\/sv\/wp-json\/wp\/v2\/comments?post=1315"}],"version-history":[{"count":11,"href":"https:\/\/fairfordholdings.com\/sv\/wp-json\/wp\/v2\/pages\/1315\/revisions"}],"predecessor-version":[{"id":2232,"href":"https:\/\/fairfordholdings.com\/sv\/wp-json\/wp\/v2\/pages\/1315\/revisions\/2232"}],"wp:attachment":[{"href":"https:\/\/fairfordholdings.com\/sv\/wp-json\/wp\/v2\/media?parent=1315"}],"curies":[{"name":"wp","href":"https:\/\/api.w.org\/{rel}","templated":true}]}}