{"id":346,"date":"2022-09-21T14:46:38","date_gmt":"2022-09-21T12:46:38","guid":{"rendered":"https:\/\/fairford2.gndv.se\/?page_id=346"},"modified":"2025-01-24T11:51:56","modified_gmt":"2025-01-24T10:51:56","slug":"om-fairford","status":"publish","type":"page","link":"https:\/\/fairfordholdings.com\/sv\/om-fairford\/","title":{"rendered":"Om Fairford"},"content":{"rendered":"","protected":false},"excerpt":{"rendered":"","protected":false},"author":1,"featured_media":0,"parent":0,"menu_order":0,"comment_status":"closed","ping_status":"closed","template":"","meta":{"_acf_changed":false,"footnotes":""},"class_list":["post-346","page","type-page","status-publish","hentry"],"acf":[],"yoast_head":"<!-- This site is optimized with the Yoast SEO plugin v27.4 - https:\/\/yoast.com\/product\/yoast-seo-wordpress\/ -->\n<title>Om Fairford<\/title>\n<meta name=\"description\" content=\"Fairford \u00e4r ett familje\u00e4gt investeringsbolag med n\u00e4rmare 30 \u00e5rs erfarenhet, baserade i Sverige och Storbritannien.\" \/>\n<meta name=\"robots\" content=\"index, follow, max-snippet:-1, max-image-preview:large, max-video-preview:-1\" \/>\n<link rel=\"canonical\" href=\"https:\/\/fairfordholdings.com\/sv\/om-fairford\/\" \/>\n<meta property=\"og:locale\" content=\"sv_SE\" \/>\n<meta property=\"og:type\" content=\"article\" \/>\n<meta property=\"og:title\" content=\"Om Fairford\" \/>\n<meta property=\"og:description\" content=\"Fairford \u00e4r ett familje\u00e4gt investeringsbolag med n\u00e4rmare 30 \u00e5rs erfarenhet, baserade i Sverige och Storbritannien.\" \/>\n<meta property=\"og:url\" content=\"https:\/\/fairfordholdings.com\/sv\/om-fairford\/\" \/>\n<meta property=\"og:site_name\" content=\"Fairford Holdings\" \/>\n<meta property=\"article:modified_time\" content=\"2025-01-24T10:51:56+00:00\" \/>\n<meta name=\"twitter:card\" content=\"summary_large_image\" \/>\n<script type=\"application\/ld+json\" class=\"yoast-schema-graph\">{\"@context\":\"https:\\\/\\\/schema.org\",\"@graph\":[{\"@type\":\"WebPage\",\"@id\":\"https:\\\/\\\/fairfordholdings.com\\\/sv\\\/om-fairford\\\/\",\"url\":\"https:\\\/\\\/fairfordholdings.com\\\/sv\\\/om-fairford\\\/\",\"name\":\"Om Fairford\",\"isPartOf\":{\"@id\":\"https:\\\/\\\/fairfordholdings.com\\\/#website\"},\"datePublished\":\"2022-09-21T12:46:38+00:00\",\"dateModified\":\"2025-01-24T10:51:56+00:00\",\"description\":\"Fairford \u00e4r ett familje\u00e4gt investeringsbolag med n\u00e4rmare 30 \u00e5rs erfarenhet, baserade i Sverige och Storbritannien.\",\"breadcrumb\":{\"@id\":\"https:\\\/\\\/fairfordholdings.com\\\/sv\\\/om-fairford\\\/#breadcrumb\"},\"inLanguage\":\"sv-SE\",\"potentialAction\":[{\"@type\":\"ReadAction\",\"target\":[\"https:\\\/\\\/fairfordholdings.com\\\/sv\\\/om-fairford\\\/\"]}]},{\"@type\":\"BreadcrumbList\",\"@id\":\"https:\\\/\\\/fairfordholdings.com\\\/sv\\\/om-fairford\\\/#breadcrumb\",\"itemListElement\":[{\"@type\":\"ListItem\",\"position\":1,\"name\":\"Home\",\"item\":\"https:\\\/\\\/fairfordholdings.com\\\/sv\\\/\"},{\"@type\":\"ListItem\",\"position\":2,\"name\":\"Om Fairford\"}]},{\"@type\":\"WebSite\",\"@id\":\"https:\\\/\\\/fairfordholdings.com\\\/#website\",\"url\":\"https:\\\/\\\/fairfordholdings.com\\\/\",\"name\":\"Fairford Holdings\",\"description\":\"Creating successful companies by investing in people we believe in\",\"publisher\":{\"@id\":\"https:\\\/\\\/fairfordholdings.com\\\/#organization\"},\"potentialAction\":[{\"@type\":\"SearchAction\",\"target\":{\"@type\":\"EntryPoint\",\"urlTemplate\":\"https:\\\/\\\/fairfordholdings.com\\\/?s={search_term_string}\"},\"query-input\":{\"@type\":\"PropertyValueSpecification\",\"valueRequired\":true,\"valueName\":\"search_term_string\"}}],\"inLanguage\":\"sv-SE\"},{\"@type\":\"Organization\",\"@id\":\"https:\\\/\\\/fairfordholdings.com\\\/#organization\",\"name\":\"Fairford Holdings\",\"url\":\"https:\\\/\\\/fairfordholdings.com\\\/\",\"logo\":{\"@type\":\"ImageObject\",\"inLanguage\":\"sv-SE\",\"@id\":\"https:\\\/\\\/fairfordholdings.com\\\/#\\\/schema\\\/logo\\\/image\\\/\",\"url\":\"https:\\\/\\\/fairfordholdings.com\\\/wp-content\\\/uploads\\\/2020\\\/07\\\/cropped-fairford-logo.png\",\"contentUrl\":\"https:\\\/\\\/fairfordholdings.com\\\/wp-content\\\/uploads\\\/2020\\\/07\\\/cropped-fairford-logo.png\",\"width\":799,\"height\":797,\"caption\":\"Fairford Holdings\"},\"image\":{\"@id\":\"https:\\\/\\\/fairfordholdings.com\\\/#\\\/schema\\\/logo\\\/image\\\/\"}}]}<\/script>\n<!-- \/ Yoast SEO plugin. -->","yoast_head_json":{"title":"Om Fairford","description":"Fairford \u00e4r ett familje\u00e4gt investeringsbolag med n\u00e4rmare 30 \u00e5rs erfarenhet, baserade i Sverige och Storbritannien.","robots":{"index":"index","follow":"follow","max-snippet":"max-snippet:-1","max-image-preview":"max-image-preview:large","max-video-preview":"max-video-preview:-1"},"canonical":"https:\/\/fairfordholdings.com\/sv\/om-fairford\/","og_locale":"sv_SE","og_type":"article","og_title":"Om Fairford","og_description":"Fairford \u00e4r ett familje\u00e4gt investeringsbolag med n\u00e4rmare 30 \u00e5rs erfarenhet, baserade i Sverige och Storbritannien.","og_url":"https:\/\/fairfordholdings.com\/sv\/om-fairford\/","og_site_name":"Fairford Holdings","article_modified_time":"2025-01-24T10:51:56+00:00","twitter_card":"summary_large_image","schema":{"@context":"https:\/\/schema.org","@graph":[{"@type":"WebPage","@id":"https:\/\/fairfordholdings.com\/sv\/om-fairford\/","url":"https:\/\/fairfordholdings.com\/sv\/om-fairford\/","name":"Om Fairford","isPartOf":{"@id":"https:\/\/fairfordholdings.com\/#website"},"datePublished":"2022-09-21T12:46:38+00:00","dateModified":"2025-01-24T10:51:56+00:00","description":"Fairford \u00e4r ett familje\u00e4gt investeringsbolag med n\u00e4rmare 30 \u00e5rs erfarenhet, baserade i Sverige och Storbritannien.","breadcrumb":{"@id":"https:\/\/fairfordholdings.com\/sv\/om-fairford\/#breadcrumb"},"inLanguage":"sv-SE","potentialAction":[{"@type":"ReadAction","target":["https:\/\/fairfordholdings.com\/sv\/om-fairford\/"]}]},{"@type":"BreadcrumbList","@id":"https:\/\/fairfordholdings.com\/sv\/om-fairford\/#breadcrumb","itemListElement":[{"@type":"ListItem","position":1,"name":"Home","item":"https:\/\/fairfordholdings.com\/sv\/"},{"@type":"ListItem","position":2,"name":"Om Fairford"}]},{"@type":"WebSite","@id":"https:\/\/fairfordholdings.com\/#website","url":"https:\/\/fairfordholdings.com\/","name":"Fairford Holdings","description":"Creating successful companies by investing in people we believe in","publisher":{"@id":"https:\/\/fairfordholdings.com\/#organization"},"potentialAction":[{"@type":"SearchAction","target":{"@type":"EntryPoint","urlTemplate":"https:\/\/fairfordholdings.com\/?s={search_term_string}"},"query-input":{"@type":"PropertyValueSpecification","valueRequired":true,"valueName":"search_term_string"}}],"inLanguage":"sv-SE"},{"@type":"Organization","@id":"https:\/\/fairfordholdings.com\/#organization","name":"Fairford Holdings","url":"https:\/\/fairfordholdings.com\/","logo":{"@type":"ImageObject","inLanguage":"sv-SE","@id":"https:\/\/fairfordholdings.com\/#\/schema\/logo\/image\/","url":"https:\/\/fairfordholdings.com\/wp-content\/uploads\/2020\/07\/cropped-fairford-logo.png","contentUrl":"https:\/\/fairfordholdings.com\/wp-content\/uploads\/2020\/07\/cropped-fairford-logo.png","width":799,"height":797,"caption":"Fairford Holdings"},"image":{"@id":"https:\/\/fairfordholdings.com\/#\/schema\/logo\/image\/"}}]}},"_links":{"self":[{"href":"https:\/\/fairfordholdings.com\/sv\/wp-json\/wp\/v2\/pages\/346","targetHints":{"allow":["GET"]}}],"collection":[{"href":"https:\/\/fairfordholdings.com\/sv\/wp-json\/wp\/v2\/pages"}],"about":[{"href":"https:\/\/fairfordholdings.com\/sv\/wp-json\/wp\/v2\/types\/page"}],"author":[{"embeddable":true,"href":"https:\/\/fairfordholdings.com\/sv\/wp-json\/wp\/v2\/users\/1"}],"replies":[{"embeddable":true,"href":"https:\/\/fairfordholdings.com\/sv\/wp-json\/wp\/v2\/comments?post=346"}],"version-history":[{"count":10,"href":"https:\/\/fairfordholdings.com\/sv\/wp-json\/wp\/v2\/pages\/346\/revisions"}],"predecessor-version":[{"id":2121,"href":"https:\/\/fairfordholdings.com\/sv\/wp-json\/wp\/v2\/pages\/346\/revisions\/2121"}],"wp:attachment":[{"href":"https:\/\/fairfordholdings.com\/sv\/wp-json\/wp\/v2\/media?parent=346"}],"curies":[{"name":"wp","href":"https:\/\/api.w.org\/{rel}","templated":true}]}}